{"id":2399,"date":"2023-12-17T08:44:46","date_gmt":"2023-12-17T08:44:46","guid":{"rendered":"https:\/\/pnbtiforum.com\/?page_id=2399"},"modified":"2025-11-04T10:08:39","modified_gmt":"2025-11-04T10:08:39","slug":"advisory","status":"publish","type":"page","link":"https:\/\/pnbtiforum.com\/pt\/advisory\/","title":{"rendered":"Advisory"},"content":{"rendered":"<div data-elementor-type=\"wp-page\" data-elementor-id=\"2399\" class=\"elementor elementor-2399\" data-elementor-post-type=\"page\">\n\t\t\t\t\t\t<section class=\"elementor-section elementor-top-section elementor-element elementor-element-d761173 elementor-section-full_width elementor-section-height-default elementor-section-height-default\" data-id=\"d761173\" data-element_type=\"section\" data-e-type=\"section\" data-settings=\"{&quot;background_background&quot;:&quot;classic&quot;}\">\n\t\t\t\t\t\t<div class=\"elementor-container elementor-column-gap-default\">\n\t\t\t\t\t<div class=\"elementor-column elementor-col-100 elementor-top-column elementor-element elementor-element-98422b8\" data-id=\"98422b8\" data-element_type=\"column\" data-e-type=\"column\">\n\t\t\t<div class=\"elementor-widget-wrap elementor-element-populated\">\n\t\t\t\t\t\t<section class=\"elementor-section elementor-inner-section elementor-element elementor-element-2cb65ea elementor-section-boxed elementor-section-height-default elementor-section-height-default\" data-id=\"2cb65ea\" data-element_type=\"section\" data-e-type=\"section\">\n\t\t\t\t\t\t<div class=\"elementor-container elementor-column-gap-default\">\n\t\t\t\t\t<div class=\"elementor-column elementor-col-50 elementor-inner-column elementor-element elementor-element-43307ea\" data-id=\"43307ea\" data-element_type=\"column\" data-e-type=\"column\">\n\t\t\t<div class=\"elementor-widget-wrap\">\n\t\t\t\t\t\t\t<\/div>\n\t\t<\/div>\n\t\t\t\t<div class=\"elementor-column elementor-col-50 elementor-inner-column elementor-element elementor-element-67ecfde\" data-id=\"67ecfde\" data-element_type=\"column\" data-e-type=\"column\">\n\t\t\t<div class=\"elementor-widget-wrap\">\n\t\t\t\t\t\t\t<\/div>\n\t\t<\/div>\n\t\t\t\t\t<\/div>\n\t\t<\/section>\n\t\t\t\t\t<\/div>\n\t\t<\/div>\n\t\t\t\t\t<\/div>\n\t\t<\/section>\n\t\t\t\t<section class=\"elementor-section elementor-top-section elementor-element elementor-element-dfa162c elementor-section-boxed elementor-section-height-default elementor-section-height-default\" data-id=\"dfa162c\" data-element_type=\"section\" data-e-type=\"section\">\n\t\t\t\t\t\t<div class=\"elementor-container elementor-column-gap-default\">\n\t\t\t\t\t<div class=\"elementor-column elementor-col-100 elementor-top-column elementor-element elementor-element-d1c0161\" data-id=\"d1c0161\" data-element_type=\"column\" data-e-type=\"column\">\n\t\t\t<div class=\"elementor-widget-wrap elementor-element-populated\">\n\t\t\t\t\t\t<section class=\"elementor-section elementor-inner-section elementor-element elementor-element-b604f4e elementor-section-boxed elementor-section-height-default elementor-section-height-default\" data-id=\"b604f4e\" data-element_type=\"section\" data-e-type=\"section\">\n\t\t\t\t\t\t<div class=\"elementor-container elementor-column-gap-default\">\n\t\t\t\t\t<div class=\"elementor-column elementor-col-50 elementor-inner-column elementor-element elementor-element-cc11366\" data-id=\"cc11366\" data-element_type=\"column\" data-e-type=\"column\">\n\t\t\t<div class=\"elementor-widget-wrap elementor-element-populated\">\n\t\t\t\t\t\t<div class=\"elementor-element elementor-element-fef7e9e elementor-widget__width-initial elementor-widget-mobile__width-inherit elementor-widget elementor-widget-heading\" data-id=\"fef7e9e\" data-element_type=\"widget\" data-e-type=\"widget\" data-widget_type=\"heading.default\">\n\t\t\t\t<div class=\"elementor-widget-container\">\n\t\t\t\t\t<h2 class=\"elementor-heading-title elementor-size-default\">Meet Our Advisory Board<\/h2>\t\t\t\t<\/div>\n\t\t\t\t<\/div>\n\t\t\t\t\t<\/div>\n\t\t<\/div>\n\t\t\t\t<div class=\"elementor-column elementor-col-50 elementor-inner-column elementor-element elementor-element-b0e746f\" data-id=\"b0e746f\" data-element_type=\"column\" data-e-type=\"column\">\n\t\t\t<div class=\"elementor-widget-wrap\">\n\t\t\t\t\t\t\t<\/div>\n\t\t<\/div>\n\t\t\t\t\t<\/div>\n\t\t<\/section>\n\t\t\t\t<div class=\"elementor-element elementor-element-03bd153 elementor-widget__width-initial elementor-widget-mobile__width-inherit elementor-widget elementor-widget-text-editor\" data-id=\"03bd153\" data-element_type=\"widget\" data-e-type=\"widget\" data-widget_type=\"text-editor.default\">\n\t\t\t\t<div class=\"elementor-widget-container\">\n\t\t\t\t\t\t\t\t\tA nossa equipa utiliza o seu vasto conhecimento e experi\u00eancia direta para resolver problemas, explorar op\u00e7\u00f5es\/conceitos e orienta\u00e7\u00f5es estrat\u00e9gicas, dando prioridade e revendo a implementa\u00e7\u00e3o de planos operacionais e altera\u00e7\u00f5es a pol\u00edticas e procedimentos.\t\t\t\t\t\t\t\t<\/div>\n\t\t\t\t<\/div>\n\t\t\t\t\t<\/div>\n\t\t<\/div>\n\t\t\t\t\t<\/div>\n\t\t<\/section>\n\t\t\t\t<section class=\"elementor-section elementor-top-section elementor-element elementor-element-da83bcd elementor-section-boxed elementor-section-height-default elementor-section-height-default\" data-id=\"da83bcd\" data-element_type=\"section\" data-e-type=\"section\" data-settings=\"{&quot;background_background&quot;:&quot;classic&quot;}\">\n\t\t\t\t\t\t<div class=\"elementor-container elementor-column-gap-default\">\n\t\t\t\t\t<div class=\"elementor-column elementor-col-25 elementor-top-column elementor-element elementor-element-e7107d0\" data-id=\"e7107d0\" data-element_type=\"column\" data-e-type=\"column\" data-settings=\"{&quot;background_background&quot;:&quot;classic&quot;}\">\n\t\t\t<div class=\"elementor-widget-wrap elementor-element-populated\">\n\t\t\t\t\t\t<div class=\"elementor-element elementor-element-24676e5 elementor-widget elementor-widget-image\" data-id=\"24676e5\" data-element_type=\"widget\" data-e-type=\"widget\" data-widget_type=\"image.default\">\n\t\t\t\t<div class=\"elementor-widget-container\">\n\t\t\t\t\t\t\t\t\t\t\t\t\t\t\t<img fetchpriority=\"high\" decoding=\"async\" width=\"659\" height=\"1013\" src=\"https:\/\/pnbtiforum.com\/wp-content\/uploads\/2025\/11\/image-101.jpg\" class=\"attachment-large size-large wp-image-3001\" alt=\"\" srcset=\"https:\/\/pnbtiforum.com\/wp-content\/uploads\/2025\/11\/image-101.jpg 659w, https:\/\/pnbtiforum.com\/wp-content\/uploads\/2025\/11\/image-101-195x300.jpg 195w, https:\/\/pnbtiforum.com\/wp-content\/uploads\/2025\/11\/image-101-8x12.jpg 8w, https:\/\/pnbtiforum.com\/wp-content\/uploads\/2025\/11\/image-101-600x922.jpg 600w\" sizes=\"(max-width: 659px) 100vw, 659px\" style=\"width:100%;height:153.72%;max-width:659px\" \/>\t\t\t\t\t\t\t\t\t\t\t\t\t\t\t<\/div>\n\t\t\t\t<\/div>\n\t\t\t\t<div class=\"elementor-element elementor-element-128a07e elementor-widget__width-auto elementor-widget elementor-widget-heading\" data-id=\"128a07e\" data-element_type=\"widget\" data-e-type=\"widget\" data-widget_type=\"heading.default\">\n\t\t\t\t<div class=\"elementor-widget-container\">\n\t\t\t\t\t<h6 class=\"elementor-heading-title elementor-size-default\">Fatumata Soukouna Coker<\/h6>\t\t\t\t<\/div>\n\t\t\t\t<\/div>\n\t\t\t\t<div class=\"elementor-element elementor-element-a104c68 elementor-widget elementor-widget-text-editor\" data-id=\"a104c68\" data-element_type=\"widget\" data-e-type=\"widget\" data-widget_type=\"text-editor.default\">\n\t\t\t\t<div class=\"elementor-widget-container\">\n\t\t\t\t\t\t\t\t\tChairman Creditregistry \/ CEO Ygroup Holdings, Inc\t\t\t\t\t\t\t\t<\/div>\n\t\t\t\t<\/div>\n\t\t\t\t\t<\/div>\n\t\t<\/div>\n\t\t\t\t<div class=\"elementor-column elementor-col-25 elementor-top-column elementor-element elementor-element-deee89f\" data-id=\"deee89f\" data-element_type=\"column\" data-e-type=\"column\" data-settings=\"{&quot;background_background&quot;:&quot;classic&quot;}\">\n\t\t\t<div class=\"elementor-widget-wrap elementor-element-populated\">\n\t\t\t\t\t\t<div class=\"elementor-element elementor-element-6e9734a elementor-widget elementor-widget-image\" data-id=\"6e9734a\" data-element_type=\"widget\" data-e-type=\"widget\" data-widget_type=\"image.default\">\n\t\t\t\t<div class=\"elementor-widget-container\">\n\t\t\t\t\t\t\t\t\t\t\t\t\t\t\t<img decoding=\"async\" width=\"659\" height=\"1013\" src=\"https:\/\/pnbtiforum.com\/wp-content\/uploads\/2024\/03\/IMG_4822_1.jpg\" class=\"attachment-large size-large wp-image-2422\" alt=\"\" srcset=\"https:\/\/pnbtiforum.com\/wp-content\/uploads\/2024\/03\/IMG_4822_1.jpg 659w, https:\/\/pnbtiforum.com\/wp-content\/uploads\/2024\/03\/IMG_4822_1-600x922.jpg 600w, https:\/\/pnbtiforum.com\/wp-content\/uploads\/2024\/03\/IMG_4822_1-195x300.jpg 195w, https:\/\/pnbtiforum.com\/wp-content\/uploads\/2024\/03\/IMG_4822_1-8x12.jpg 8w\" sizes=\"(max-width: 659px) 100vw, 659px\" style=\"width:100%;height:153.72%;max-width:659px\" \/>\t\t\t\t\t\t\t\t\t\t\t\t\t\t\t<\/div>\n\t\t\t\t<\/div>\n\t\t\t\t<div class=\"elementor-element elementor-element-bbe53a1 elementor-widget__width-auto elementor-widget elementor-widget-heading\" data-id=\"bbe53a1\" data-element_type=\"widget\" data-e-type=\"widget\" data-widget_type=\"heading.default\">\n\t\t\t\t<div class=\"elementor-widget-container\">\n\t\t\t\t\t<h6 class=\"elementor-heading-title elementor-size-default\">Paulo N\u00f3brega Lopes<\/h6>\t\t\t\t<\/div>\n\t\t\t\t<\/div>\n\t\t\t\t<div class=\"elementor-element elementor-element-54e18d8 elementor-widget elementor-widget-text-editor\" data-id=\"54e18d8\" data-element_type=\"widget\" data-e-type=\"widget\" data-widget_type=\"text-editor.default\">\n\t\t\t\t<div class=\"elementor-widget-container\">\n\t\t\t\t\t\t\t\t\tManaging Partner &#038; VP of BD &#038; Marketing  &#8211; Coastal 8\t\t\t\t\t\t\t\t<\/div>\n\t\t\t\t<\/div>\n\t\t\t\t\t<\/div>\n\t\t<\/div>\n\t\t\t\t<div class=\"elementor-column elementor-col-25 elementor-top-column elementor-element elementor-element-6e6de19\" data-id=\"6e6de19\" data-element_type=\"column\" data-e-type=\"column\" data-settings=\"{&quot;background_background&quot;:&quot;classic&quot;}\">\n\t\t\t<div class=\"elementor-widget-wrap\">\n\t\t\t\t\t\t\t<\/div>\n\t\t<\/div>\n\t\t\t\t<div class=\"elementor-column elementor-col-25 elementor-top-column elementor-element elementor-element-3b6644a\" data-id=\"3b6644a\" data-element_type=\"column\" data-e-type=\"column\" data-settings=\"{&quot;background_background&quot;:&quot;classic&quot;}\">\n\t\t\t<div class=\"elementor-widget-wrap\">\n\t\t\t\t\t\t\t<\/div>\n\t\t<\/div>\n\t\t\t\t\t<\/div>\n\t\t<\/section>\n\t\t\t\t<\/div>","protected":false},"excerpt":{"rendered":"<p>Meet Our Advisory Board Our team use their vast knowledge and direct experience to problem solve, explore options\/concepts and strategic direction whilst prioritizing and reviewing the implementation of operational plans, and changes to policies and procedures. Fatumata Soukouna Coker Chairman Creditregistry \/ CEO Ygroup Holdings, Inc Paulo N\u00f3brega Lopes Managing Partner &#038; VP of BD&hellip; <a class=\"more-link\" href=\"https:\/\/pnbtiforum.com\/pt\/advisory\/\">Continue a ler <span class=\"screen-reader-text\">Advisory<\/span><\/a><\/p>","protected":false},"author":1,"featured_media":0,"parent":0,"menu_order":0,"comment_status":"closed","ping_status":"closed","template":"elementor_header_footer","meta":{"_coblocks_attr":"","_coblocks_dimensions":"","_coblocks_responsive_height":"","_coblocks_accordion_ie_support":"","_eb_attr":"","footnotes":""},"class_list":["post-2399","page","type-page","status-publish","hentry","entry"],"_links":{"self":[{"href":"https:\/\/pnbtiforum.com\/pt\/wp-json\/wp\/v2\/pages\/2399","targetHints":{"allow":["GET"]}}],"collection":[{"href":"https:\/\/pnbtiforum.com\/pt\/wp-json\/wp\/v2\/pages"}],"about":[{"href":"https:\/\/pnbtiforum.com\/pt\/wp-json\/wp\/v2\/types\/page"}],"author":[{"embeddable":true,"href":"https:\/\/pnbtiforum.com\/pt\/wp-json\/wp\/v2\/users\/1"}],"replies":[{"embeddable":true,"href":"https:\/\/pnbtiforum.com\/pt\/wp-json\/wp\/v2\/comments?post=2399"}],"version-history":[{"count":22,"href":"https:\/\/pnbtiforum.com\/pt\/wp-json\/wp\/v2\/pages\/2399\/revisions"}],"predecessor-version":[{"id":3004,"href":"https:\/\/pnbtiforum.com\/pt\/wp-json\/wp\/v2\/pages\/2399\/revisions\/3004"}],"wp:attachment":[{"href":"https:\/\/pnbtiforum.com\/pt\/wp-json\/wp\/v2\/media?parent=2399"}],"curies":[{"name":"wp","href":"https:\/\/api.w.org\/{rel}","templated":true}]}}